{"id":709,"date":"2023-08-23T23:30:58","date_gmt":"2023-08-23T23:30:58","guid":{"rendered":"https:\/\/planningaudit.com\/?page_id=709"},"modified":"2025-07-23T23:59:51","modified_gmt":"2025-07-23T23:59:51","slug":"servicios","status":"publish","type":"page","link":"https:\/\/planningtax.com\/en\/servicios\/","title":{"rendered":"Services"},"content":{"rendered":"<div data-elementor-type=\"wp-page\" data-elementor-id=\"709\" class=\"elementor elementor-709\">\n\t\t\t\t\t\t<section class=\"elementor-section elementor-top-section elementor-element elementor-element-2fa6e9f elementor-section-boxed elementor-section-height-default elementor-section-height-default\" data-id=\"2fa6e9f\" data-element_type=\"section\" data-e-type=\"section\">\n\t\t\t\t\t\t<div class=\"elementor-container elementor-column-gap-default\">\n\t\t\t\t\t<div class=\"elementor-column elementor-col-100 elementor-top-column elementor-element elementor-element-c3c47aa\" data-id=\"c3c47aa\" data-element_type=\"column\" data-e-type=\"column\">\n\t\t\t<div class=\"elementor-widget-wrap elementor-element-populated\">\n\t\t\t\t\t\t<div class=\"elementor-element elementor-element-dc3df2f elementor-widget elementor-widget-he-news-module-eleven\" data-id=\"dc3df2f\" data-element_type=\"widget\" data-e-type=\"widget\" data-widget_type=\"he-news-module-eleven.default\">\n\t\t\t\t<div class=\"elementor-widget-container\">\n\t\t\t\t\t        <div class=\"he-news-module-eleven\">\n                        <div class=\"he-grid-blocks\">\n                                    <div class=\"he-grid-block he-post-item\">\n                        <div class=\"he-grid-block-inner\">\n                            <div class=\"he-post-thumb\">\n                                <a href=\"https:\/\/planningtax.com\/en\/consultoria-tributaria-permanente\/\">\n                                    <div class=\"he-thumb-container\">\n                                                                                    <img decoding=\"async\" alt=\"Consultor\u00eda tributaria permanente\" src=\"https:\/\/planningtax.com\/wp-content\/uploads\/2023\/08\/consultoria-800.png\">\n                                                                            <\/div>\n\n                                    <div class=\"he-post-content\">\n                                        <h3 class=\"he-post-title\">Permanent tax consulting<\/h3>\n                                                    <div class=\"he-post-meta\">\n                <span class=\"he-post-author\"><i class=\"mdi-account\"><\/i>admin<\/span><span class=\"he-post-comment\"><i class=\"mdi-comment-outline\"><\/i>0<\/span>            <\/div>\n                                                <\/div>\n                                <\/a>\n                                <ul class=\"he-post-categories\"><li><a class=\"he-primary-cat he-category-8\" href=\"https:\/\/planningtax.com\/en\/category\/servicios\/\">Services<\/a><\/li><\/ul>                            <\/div>\n                        <\/div>\n                    <\/div>\n                                        <div class=\"he-grid-block he-post-item\">\n                        <div class=\"he-grid-block-inner\">\n                            <div class=\"he-post-thumb\">\n                                <a href=\"https:\/\/planningtax.com\/en\/cumplimiento-tributario\/\">\n                                    <div class=\"he-thumb-container\">\n                                                                                    <img decoding=\"async\" alt=\"Cumplimiento Tributario\" src=\"https:\/\/planningtax.com\/wp-content\/uploads\/2016\/07\/project1.jpg\">\n                                                                            <\/div>\n\n                                    <div class=\"he-post-content\">\n                                        <h3 class=\"he-post-title\">Tax Compliance<\/h3>\n                                                    <div class=\"he-post-meta\">\n                <span class=\"he-post-author\"><i class=\"mdi-account\"><\/i>admin<\/span><span class=\"he-post-comment\"><i class=\"mdi-comment-outline\"><\/i>0<\/span>            <\/div>\n                                                <\/div>\n                                <\/a>\n                                <ul class=\"he-post-categories\"><li><a class=\"he-primary-cat he-category-8\" href=\"https:\/\/planningtax.com\/en\/category\/servicios\/\">Services<\/a><\/li><\/ul>                            <\/div>\n                        <\/div>\n                    <\/div>\n                                        <div class=\"he-grid-block he-post-item\">\n                        <div class=\"he-grid-block-inner\">\n                            <div class=\"he-post-thumb\">\n                                <a href=\"https:\/\/planningtax.com\/en\/administracion-de-riesgo-fiscal\/\">\n                                    <div class=\"he-thumb-container\">\n                                                                                    <img decoding=\"async\" alt=\"Administraci\u00f3n de riesgo fiscal\" src=\"https:\/\/planningtax.com\/wp-content\/uploads\/2023\/08\/servicio3.png\">\n                                                                            <\/div>\n\n                                    <div class=\"he-post-content\">\n                                        <h3 class=\"he-post-title\">Tax risk management<\/h3>\n                                                    <div class=\"he-post-meta\">\n                <span class=\"he-post-author\"><i class=\"mdi-account\"><\/i>admin<\/span><span class=\"he-post-comment\"><i class=\"mdi-comment-outline\"><\/i>0<\/span>            <\/div>\n                                                <\/div>\n                                <\/a>\n                                <ul class=\"he-post-categories\"><li><a class=\"he-primary-cat he-category-8\" href=\"https:\/\/planningtax.com\/en\/category\/servicios\/\">Services<\/a><\/li><\/ul>                            <\/div>\n                        <\/div>\n                    <\/div>\n                                        <div class=\"he-grid-block he-post-item\">\n                        <div class=\"he-grid-block-inner\">\n                            <div class=\"he-post-thumb\">\n                                <a href=\"https:\/\/planningtax.com\/en\/planeacion-fiscal\/\">\n                                    <div class=\"he-thumb-container\">\n                                                                                    <img decoding=\"async\" alt=\"Planeaci\u00f3n Fiscal\" src=\"https:\/\/planningtax.com\/wp-content\/uploads\/2023\/08\/planeacion-800.png\">\n                                                                            <\/div>\n\n                                    <div class=\"he-post-content\">\n                                        <h3 class=\"he-post-title\">Tax Planning<\/h3>\n                                                    <div class=\"he-post-meta\">\n                <span class=\"he-post-author\"><i class=\"mdi-account\"><\/i>admin<\/span><span class=\"he-post-comment\"><i class=\"mdi-comment-outline\"><\/i>0<\/span>            <\/div>\n                                                <\/div>\n                                <\/a>\n                                <ul class=\"he-post-categories\"><li><a class=\"he-primary-cat he-category-8\" href=\"https:\/\/planningtax.com\/en\/category\/servicios\/\">Services<\/a><\/li><\/ul>                            <\/div>\n                        <\/div>\n                    <\/div>\n                                        <div class=\"he-grid-block he-post-item\">\n                        <div class=\"he-grid-block-inner\">\n                            <div class=\"he-post-thumb\">\n                                <a href=\"https:\/\/planningtax.com\/en\/capacitacion-y-actualizacion\/\">\n                                    <div class=\"he-thumb-container\">\n                                                                                    <img decoding=\"async\" alt=\"Capacitaci\u00f3n y actualizaci\u00f3n\" src=\"https:\/\/planningtax.com\/wp-content\/uploads\/2023\/08\/eventos800.png\">\n                                                                            <\/div>\n\n                                    <div class=\"he-post-content\">\n                                        <h3 class=\"he-post-title\">Capacitaci\u00f3n y actualizaci\u00f3n<\/h3>\n                                                    <div class=\"he-post-meta\">\n                <span class=\"he-post-author\"><i class=\"mdi-account\"><\/i>planningweb<\/span><span class=\"he-post-comment\"><i class=\"mdi-comment-outline\"><\/i>0<\/span>            <\/div>\n                                                <\/div>\n                                <\/a>\n                                <ul class=\"he-post-categories\"><li><a class=\"he-primary-cat he-category-8\" href=\"https:\/\/planningtax.com\/en\/category\/servicios\/\">Services<\/a><\/li><\/ul>                            <\/div>\n                        <\/div>\n                    <\/div>\n                                        <div class=\"he-grid-block he-post-item\">\n                        <div class=\"he-grid-block-inner\">\n                            <div class=\"he-post-thumb\">\n                                <a href=\"https:\/\/planningtax.com\/en\/infoplanning\/\">\n                                    <div class=\"he-thumb-container\">\n                                                                                    <img decoding=\"async\" alt=\"InfoPlanning+\" src=\"https:\/\/planningtax.com\/wp-content\/uploads\/2023\/09\/info-800.png\">\n                                                                            <\/div>\n\n                                    <div class=\"he-post-content\">\n                                        <h3 class=\"he-post-title\">InfoPlanning+<\/h3>\n                                                    <div class=\"he-post-meta\">\n                <span class=\"he-post-author\"><i class=\"mdi-account\"><\/i>planningweb<\/span><span class=\"he-post-comment\"><i class=\"mdi-comment-outline\"><\/i>0<\/span>            <\/div>\n                                                <\/div>\n                                <\/a>\n                                <ul class=\"he-post-categories\"><li><a class=\"he-primary-cat he-category-8\" href=\"https:\/\/planningtax.com\/en\/category\/servicios\/\">Services<\/a><\/li><\/ul>                            <\/div>\n                        <\/div>\n                    <\/div>\n                                        <div class=\"he-grid-block he-post-item\">\n                        <div class=\"he-grid-block-inner\">\n                            <div class=\"he-post-thumb\">\n                                <a href=\"https:\/\/planningtax.com\/en\/litigio-y-controversia\/\">\n                                    <div class=\"he-thumb-container\">\n                                                                                    <img decoding=\"async\" alt=\"Litigio y controversia\" src=\"https:\/\/planningtax.com\/wp-content\/uploads\/2025\/07\/servicio-litigio.png\">\n                                                                            <\/div>\n\n                                    <div class=\"he-post-content\">\n                                        <h3 class=\"he-post-title\">Litigio y controversia<\/h3>\n                                                    <div class=\"he-post-meta\">\n                <span class=\"he-post-author\"><i class=\"mdi-account\"><\/i>admin<\/span><span class=\"he-post-comment\"><i class=\"mdi-comment-outline\"><\/i>0<\/span>            <\/div>\n                                                <\/div>\n                                <\/a>\n                                <ul class=\"he-post-categories\"><li><a class=\"he-primary-cat he-category-8\" href=\"https:\/\/planningtax.com\/en\/category\/servicios\/\">Services<\/a><\/li><\/ul>                            <\/div>\n                        <\/div>\n                    <\/div>\n                                        <div class=\"he-grid-block he-post-item\">\n                        <div class=\"he-grid-block-inner\">\n                            <div class=\"he-post-thumb\">\n                                <a href=\"https:\/\/planningtax.com\/en\/planeacion-fiscal-internacional\/\">\n                                    <div class=\"he-thumb-container\">\n                                                                                    <img decoding=\"async\" alt=\"Planeaci\u00f3n fiscal internacional\" src=\"https:\/\/planningtax.com\/wp-content\/uploads\/2025\/07\/Planeacion-fiscal-internacional.png\">\n                                                                            <\/div>\n\n                                    <div class=\"he-post-content\">\n                                        <h3 class=\"he-post-title\">Planeaci\u00f3n fiscal internacional<\/h3>\n                                                    <div class=\"he-post-meta\">\n                <span class=\"he-post-author\"><i class=\"mdi-account\"><\/i>admin<\/span><span class=\"he-post-comment\"><i class=\"mdi-comment-outline\"><\/i>0<\/span>            <\/div>\n                                                <\/div>\n                                <\/a>\n                                <ul class=\"he-post-categories\"><li><a class=\"he-primary-cat he-category-8\" href=\"https:\/\/planningtax.com\/en\/category\/servicios\/\">Services<\/a><\/li><\/ul>                            <\/div>\n                        <\/div>\n                    <\/div>\n                                        <div class=\"he-grid-block he-post-item\">\n                        <div class=\"he-grid-block-inner\">\n                            <div class=\"he-post-thumb\">\n                                <a href=\"https:\/\/planningtax.com\/en\/due-diligence-legal-y-tributario\/\">\n                                    <div class=\"he-thumb-container\">\n                                                                                    <img decoding=\"async\" alt=\"Due Diligence Legal y Tributario\" src=\"https:\/\/planningtax.com\/wp-content\/uploads\/2025\/07\/due-diligence.png\">\n                                                                            <\/div>\n\n                                    <div class=\"he-post-content\">\n                                        <h3 class=\"he-post-title\">Due Diligence Legal y Tributario<\/h3>\n                                                    <div class=\"he-post-meta\">\n                <span class=\"he-post-author\"><i class=\"mdi-account\"><\/i>admin<\/span><span class=\"he-post-comment\"><i class=\"mdi-comment-outline\"><\/i>0<\/span>            <\/div>\n                                                <\/div>\n                                <\/a>\n                                <ul class=\"he-post-categories\"><li><a class=\"he-primary-cat he-category-8\" href=\"https:\/\/planningtax.com\/en\/category\/servicios\/\">Services<\/a><\/li><\/ul>                            <\/div>\n                        <\/div>\n                    <\/div>\n                                        <div class=\"he-grid-block he-post-item\">\n                        <div class=\"he-grid-block-inner\">\n                            <div class=\"he-post-thumb\">\n                                <a href=\"https:\/\/planningtax.com\/en\/consultoria-legal-corporativa-e-incorporacion\/\">\n                                    <div class=\"he-thumb-container\">\n                                                                                    <img decoding=\"async\" alt=\"Consultor\u00eda Legal Corporativa e\u00a0 incorporaci\u00f3n\" src=\"https:\/\/planningtax.com\/wp-content\/uploads\/2025\/07\/consultoria-legal.png\">\n                                                                            <\/div>\n\n                                    <div class=\"he-post-content\">\n                                        <h3 class=\"he-post-title\">Consultor\u00eda Legal Corporativa e\u00a0 incorporaci\u00f3n<\/h3>\n                                                    <div class=\"he-post-meta\">\n                <span class=\"he-post-author\"><i class=\"mdi-account\"><\/i>admin<\/span><span class=\"he-post-comment\"><i class=\"mdi-comment-outline\"><\/i>0<\/span>            <\/div>\n                                                <\/div>\n                                <\/a>\n                                <ul class=\"he-post-categories\"><li><a class=\"he-primary-cat he-category-8\" href=\"https:\/\/planningtax.com\/en\/category\/servicios\/\">Services<\/a><\/li><\/ul>                            <\/div>\n                        <\/div>\n                    <\/div>\n                                        <div class=\"he-grid-block he-post-item\">\n                        <div class=\"he-grid-block-inner\">\n                            <div class=\"he-post-thumb\">\n                                <a href=\"https:\/\/planningtax.com\/en\/reestructuracion-y-transformacion-empresarial\/\">\n                                    <div class=\"he-thumb-container\">\n                                                                                    <img decoding=\"async\" alt=\"Reestructuraci\u00f3n y transformaci\u00f3n empresarial\" src=\"https:\/\/planningtax.com\/wp-content\/uploads\/2025\/07\/reestructuracion.png\">\n                                                                            <\/div>\n\n                                    <div class=\"he-post-content\">\n                                        <h3 class=\"he-post-title\">Reestructuraci\u00f3n y transformaci\u00f3n empresarial<\/h3>\n                                                    <div class=\"he-post-meta\">\n                <span class=\"he-post-author\"><i class=\"mdi-account\"><\/i>admin<\/span><span class=\"he-post-comment\"><i class=\"mdi-comment-outline\"><\/i>0<\/span>            <\/div>\n                                                <\/div>\n                                <\/a>\n                                <ul class=\"he-post-categories\"><li><a class=\"he-primary-cat he-category-8\" href=\"https:\/\/planningtax.com\/en\/category\/servicios\/\">Services<\/a><\/li><\/ul>                            <\/div>\n                        <\/div>\n                    <\/div>\n                                        <div class=\"he-grid-block he-post-item\">\n                        <div class=\"he-grid-block-inner\">\n                            <div class=\"he-post-thumb\">\n                                <a href=\"https:\/\/planningtax.com\/en\/consultoria-legal-comercial\/\">\n                                    <div class=\"he-thumb-container\">\n                                                                                    <img decoding=\"async\" alt=\"Consultor\u00eda legal comercial\" src=\"https:\/\/planningtax.com\/wp-content\/uploads\/2025\/07\/consultoria-legal-1-1024x682.jpg\">\n                                                                            <\/div>\n\n                                    <div class=\"he-post-content\">\n                                        <h3 class=\"he-post-title\">Consultor\u00eda legal comercial<\/h3>\n                                                    <div class=\"he-post-meta\">\n                <span class=\"he-post-author\"><i class=\"mdi-account\"><\/i>admin<\/span><span class=\"he-post-comment\"><i class=\"mdi-comment-outline\"><\/i>0<\/span>            <\/div>\n                                                <\/div>\n                                <\/a>\n                                <ul class=\"he-post-categories\"><li><a class=\"he-primary-cat he-category-8\" href=\"https:\/\/planningtax.com\/en\/category\/servicios\/\">Services<\/a><\/li><\/ul>                            <\/div>\n                        <\/div>\n                    <\/div>\n                                <\/div>\n        <\/div>\n        \t\t\t\t<\/div>\n\t\t\t\t<\/div>\n\t\t\t\t\t<\/div>\n\t\t<\/div>\n\t\t\t\t\t<\/div>\n\t\t<\/section>\n\t\t\t\t<\/div>","protected":false},"excerpt":{"rendered":"<p>Consultor\u00eda tributaria permanente admin0 Servicios Cumplimiento Tributario admin0 Servicios Administraci\u00f3n de riesgo fiscal admin0 Servicios Planeaci\u00f3n Fiscal admin0 Servicios Eventos planningweb0 Servicios InfoPlanning+ planningweb0 Servicios Litigio y controversia admin0 Servicios<\/p>","protected":false},"author":1,"featured_media":751,"parent":0,"menu_order":0,"comment_status":"closed","ping_status":"closed","template":"","meta":{"footnotes":""},"class_list":["post-709","page","type-page","status-publish","has-post-thumbnail","hentry"],"_links":{"self":[{"href":"https:\/\/planningtax.com\/en\/wp-json\/wp\/v2\/pages\/709","targetHints":{"allow":["GET"]}}],"collection":[{"href":"https:\/\/planningtax.com\/en\/wp-json\/wp\/v2\/pages"}],"about":[{"href":"https:\/\/planningtax.com\/en\/wp-json\/wp\/v2\/types\/page"}],"author":[{"embeddable":true,"href":"https:\/\/planningtax.com\/en\/wp-json\/wp\/v2\/users\/1"}],"replies":[{"embeddable":true,"href":"https:\/\/planningtax.com\/en\/wp-json\/wp\/v2\/comments?post=709"}],"version-history":[{"count":57,"href":"https:\/\/planningtax.com\/en\/wp-json\/wp\/v2\/pages\/709\/revisions"}],"predecessor-version":[{"id":2388,"href":"https:\/\/planningtax.com\/en\/wp-json\/wp\/v2\/pages\/709\/revisions\/2388"}],"wp:featuredmedia":[{"embeddable":true,"href":"https:\/\/planningtax.com\/en\/wp-json\/wp\/v2\/media\/751"}],"wp:attachment":[{"href":"https:\/\/planningtax.com\/en\/wp-json\/wp\/v2\/media?parent=709"}],"curies":[{"name":"wp","href":"https:\/\/api.w.org\/{rel}","templated":true}]}}